{"id":44,"date":"2015-05-18T18:57:52","date_gmt":"2015-05-18T18:57:52","guid":{"rendered":"http:\/\/createawebsite.eu\/?page_id=44"},"modified":"2019-10-23T21:05:48","modified_gmt":"2019-10-23T18:05:48","slug":"prezentare","status":"publish","type":"page","link":"https:\/\/edubusiness.uav.ro\/?page_id=44","title":{"rendered":"Prezentare proiect"},"content":{"rendered":"<p><strong>Proiect co-finan\u021bat din Programul Opera\u021bional Capital Uman 2014 &#8211; 2020<\/strong><\/p>\n<p align=\"justify\">\u00cen data de 19 iunie 2019 a fost semnat contractul de finan\u021bare pentru<em> proiectul \u201e\u00cenva\u0163\u0103 s\u0103 fii Antreprenor pentru Viitor! \u00cembun\u0103t\u0103\u0163irea calit\u0103\u0163ii ofertelor educative \u015fi a competen\u0163elor cadrelor didactice \u00een domeniul antreprenoriatului \u00een vederea cre\u015fterii accesului participan\u0163ilor la \u00eenv\u0103\u0163\u0103m\u00e2nt ter\u0163iar \u00een condi\u0163ii de echitate \u015fi eficien\u0163\u0103 social\u0103 \u015fi promovarea unei culturi educa\u0163ionale antreprenoriale \u00een domeniile competitive de interes regional &#8211; EDUBUSINESS\u201d <\/em>\u2013 POCU\/379\/6\/21, proiect cofinan\u021bat din Programul Opera\u021bional Capital Uman.<strong> Valoarea total\u0103 eligibil\u0103 este de 7.903.741,82 lei<\/strong>, din care asisten\u0163a financiar\u0103 nerambursabil\u0103 \u00een sum\u0103 maxim\u0103 de\u00a0<strong>7.703.821,49 lei<\/strong>, respectiv <strong>97,47%<\/strong>\u00a0din valoarea total\u0103 eligibil\u0103.<\/p>\n<p>\u00a0<\/p>\n<p align=\"justify\">Activit\u0103\u021bile proiectului \u201e<em>\u00cenva\u0163\u0103 s\u0103 fii Antreprenor pentru Viitor! \u00cembun\u0103t\u0103\u0163irea calit\u0103\u0163ii ofertelor educative \u015fi a competen\u0163elor cadrelor didactice \u00een domeniul antreprenoriatului \u00een vederea cre\u015fterii accesului participan\u0163ilor la \u00eenv\u0103\u0163\u0103m\u00e2nt ter\u0163iar \u00een condi\u0163ii de echitate \u015fi eficien\u0163\u0103 social\u0103 \u015fi promovarea unei culturi educa\u0163ionale antreprenoriale \u00een domeniile competitive de interes regional &#8211; EDUBUSINESS\u201d<\/em> sunt\u00a0 implementate de Universitatea \u201eAurel Vlaicu\u201d din Arad \u00een calitate de Lider de parteneriat, \u00een parteneriat cu Expert Business Center SRL, Sindicatul Alma Mater \u015fi Asocia\u0163ia Dantes \u2013 Dezvoltare Antreprenoriat<strong>,<\/strong>\u00a0pe o perioad\u0103 de 24 de luni.<\/p>\n<p>\u00a0<\/p>\n<p align=\"justify\"><strong><em> Obiectivul general<\/em><\/strong><strong><em>\u00a0al proiectului<\/em><\/strong> const\u0103 \u00een cre\u015fterea accesului \u015fi echit\u0103\u0163ii \u00een \u00eenv\u0103\u0163\u0103m\u00e2ntul superior din Universitatea \u201eAurel Vlaicu\u201d din Arad adres\u00e2ndu-se \u00een acest sens unui grup \u0163int\u0103 de 50 elevi \u015fi 450 studen\u0163i, \u00een vederea diminu\u0103rii ratei de abandon a studiilor, prin asigurarea de sprijin financiar unui num\u0103r de 350 studen\u0163i din categorii vulnerabile \u015fi prin cre\u015fterea atractivit\u0103\u0163ii ofertelor educa\u0163ionale prin dezvoltarea a 5 noi programe antreprenoriale, corelat cu \u00eembun\u0103t\u0103\u0163irea competen\u0163elor a unui num\u0103r de 90 de cadre didactice universitare. Astfel, va avea loc \u00eembun\u0103t\u0103\u0163irea calit\u0103\u0163ii \u015fi eficien\u0163ei precum \u015fi accesul la \u00eenv\u0103\u0163\u0103m\u00e2ntul ter\u0163iar \u015fi a celui echivalent \u00een vederea adapt\u0103rii viitorilor absolven\u0163i la nevoile actuale ale pie\u0163ei muncii.<\/p>\n<p align=\"justify\">Proiectul contribuie la atingerea obiectivului specific al programului \u0219i al apelului (OS 6.7, 6.9, 6.10) deoarece \u00ee\u0219i propune participarea personalului didactic din \u00eenv\u0103\u021b\u0103m\u00e2ntul superior la programul postuniversitar de perfec\u021bionare profesional\u0103, furnizarea programelor antreprenoriale aferente \u00eenv\u0103\u021b\u0103m\u00e2ntului superior pentru 450 studen\u021bi cu component\u0103 aplicativ\u0103 \u0219i certificarea aferent\u0103, acordarea a 350 burse student antreprenor f\u0103r\u0103 discriminare, pentru to\u021bi studen\u021bii care sunt netradi\u021bionali sau din mediul rural, precum \u0219i participarea studen\u021bilor la programe de consiliere\/orientare profesional\u0103 \u0219i activit\u0103\u021bi remediale.<\/p>\n<p>\u00a0<\/p>\n<p align=\"justify\"><strong><em>Obiectivele specifice ale proiectului<\/em><\/strong><strong><em>, <\/em><\/strong>sunt redate \u00een cele ce urmeaz\u0103:<\/p>\n<p align=\"justify\"><strong>O.S.1 <\/strong>\u2013 Cre\u0219terea accesului \u0219i a particip\u0103rii la \u00eenv\u0103\u021b\u0103m\u00e2ntul ter\u021biar universitar a unui grup \u021bint\u0103 de 450 de studen\u021bi, organizat \u00een cadrul institu\u021biilor de \u00eenv\u0103\u021b\u0103m\u00e2nt superior, inclusiv, asigurarea cre\u0219terii echit\u0103\u021bii pentru 350 de studen\u021bi care provin din grupuri vulnerabile (mediu rural sau netradi\u021bionali) prin promovarea unui mediu inovativ de \u00eenv\u0103\u021bare \u00een institu\u021bia de \u00eenv\u0103\u021b\u0103m\u00e2nt superior prin furnizarea de cursuri la nivelul ofertelor educa\u021bionale noi, inclusiv cursuri antreprenoriale aplicative utiliz\u00e2nd resurse de \u00eenv\u0103\u021bare moderne \u00een medii online, derulate \u00eempreun\u0103 cu partenerii sociali priva\u021bi integra\u021bi \u00een proiect.<\/p>\n<p align=\"justify\"><strong>O.S.2 <\/strong>\u2013 Sprijinirea accesului \u00een \u00eenv\u0103\u021b\u0103m\u00e2ntul ter\u021biar pentru un grup \u021bint\u0103 de 50 elevi de liceu, prin activit\u0103\u021bile de informare \u0219i \u00eent\u00e2lnirile directe organizate prin proiect cu reprezentan\u021bi relevan\u021bi acestei categorii de GT din proiect prin vizite la Universitate cu ocazia Zilei Por\u021bilor Deschise \u00een vederea prezent\u0103rii beneficiilor pe care le ofer\u0103 educa\u021bia de nivel superior privitor la \u0219ansele ocup\u0103rii unui viitor loc de munc\u0103.<\/p>\n<p align=\"justify\"><strong>O.S.3 <\/strong>\u2013 Instituirea \u0219i utilizarea unor pachete integrate de m\u0103suri de sprijin financiar, prin instituirea Bursei Student Antreprenor \u2013 inovare social\u0103 &#8211; acordat\u0103 c\u0103tre 350 studen\u021bi defavoriza\u021bi, pe parcursul ultimelor 3 semestre de studii de licen\u021b\u0103 \u0219i participarea studen\u021bilor la programe de consiliere\/orientare profesional\u0103 \u0219i activit\u0103\u021bi remediale.<\/p>\n<p align=\"justify\"><strong>O.S.4 <\/strong>\u2013 \u00cembun\u0103t\u0103\u021birea nivelului de competen\u021be pedagogice pentru 90 de cadre didactice din \u00eenv\u0103\u021b\u0103m\u00e2ntul superior, organizat \u00een cadrul institu\u021biilor de \u00eenv\u0103\u021b\u0103m\u00e2nt superior ca urmare a particip\u0103rii la programe de formare, schimb de experien\u021b\u0103 \u0219i bune practice privind aplicarea de tehnici educa\u021bionale noi \u0219i moderne pentru cadrele didactice din institu\u021biile de \u00eenv\u0103\u021b\u0103m\u00e2nt partenere derulat al\u0103turi de partenerii sociali atra\u0219i \u00een proiect.<\/p>\n<p align=\"justify\"><strong>O.S.5 <\/strong>\u2013 Dezvoltarea \u0219i furnizarea unui num\u0103r de 5 oferte educa\u021bionale noi av\u00e2nd con\u021binut inovator \u00een \u00eenv\u0103\u021b\u0103m\u00e2ntul ter\u021biar universitar, prin corelarea cu nevoile pie\u021bei muncii din sectoare economice competitive \u0219i domenii de specializare inteligent\u0103 \u00een care se implic\u0103 inclusiv personalul didactic format \u00een proiect al\u0103turi de parteneri sociali din mediul privat \u00een vederea dezvolt\u0103rii ofertelor educa\u021bionale noi \u00een proiect, cu o predominant\u0103 component\u0103 aplicativ\u0103 corelat\u0103 nevoilor pie\u021bei muncii din sectoarele\/domeniile economice abordate prin proiect.<\/p>\n<p align=\"justify\"><strong><em>Inovarea social\u0103 se va reg\u0103si cu prec\u0103dere \u00een urm\u0103toarele ac\u021biuni:<\/em><\/strong><\/p>\n<ul>\n<li>dezvoltarea unor ac\u021biuni inovative \u0219i implementarea de m\u0103suri de asisten\u021b\u0103 educa\u021bional\u0103 pentru membrii din grupul \u021bint\u0103;<\/li>\n<li>cursurile de competen\u021be antreprenoriale vor con\u021bine module de inovare social\u0103;<\/li>\n<li>vor fi utilizate mecanisme de finan\u021bare a studen\u021bilor\/cursan\u021bilor flexibile, cu oferte de stimulente pentru participare, implicare, autodezvoltare;<\/li>\n<li>bursa \u201estudent antreprenor\u201d;<\/li>\n<li>inovare social\u0103 pentru modernizare, cu promovarea valorilor nediscriminatorii;<\/li>\n<li>formarea unor deprinderi \u0219i \u00eencorporarea acestora \u00een conduita profesional\u0103 pentru dezvoltarea calit\u0103\u021bii programelor, inclusiv, prin perfec\u021bionarea profesional\u0103 specializat\u0103 la Personalul didactic implicat \u00een \u00eenv\u0103\u021b\u0103m\u00e2ntul universitar;<\/li>\n<li>o focalizare de resurse relevante pentru promovarea \u00eenv\u0103\u021b\u0103m\u00e2ntului ter\u021biar non-universitar \u0219i participarea \u00een \u00eenv\u0103\u021b\u0103m\u00e2ntul superior a tinerilor \u00een special defavoriza\u021bi din mediul rural, a popula\u021biei s\u0103race \u0219i a minorit\u0103\u021bilor, pe o zona geografic\u0103 ampl\u0103, cu similarit\u0103\u021bi culturale \u0219i socio-educa\u021bionale;<\/li>\n<li>platforma IT &#8211; comunitate virtual\u0103 de studii la distan\u021b\u0103 va avea la baz\u0103, printre altele, inovarea social\u0103;<\/li>\n<li>cre\u0219terea absorb\u021biei fondurilor nerambursabile alocate dezvolt\u0103rii \u00eenv\u0103\u021b\u0103m\u00e2ntului din cadrul universit\u0103\u021bii \u201eAurel Vlaicu\u201d din Arad.<\/li>\n<\/ul>\n\n\n<p><\/p>\n","protected":false},"excerpt":{"rendered":"<p>Proiect co-finan\u021bat din Programul Opera\u021bional Capital Uman 2014 &#8211; 2020 \u00cen data de 19 iunie 2019 a fost semnat contractul de finan\u021bare pentru proiectul \u201e\u00cenva\u0163\u0103 s\u0103 fii Antreprenor pentru Viitor! \u00cembun\u0103t\u0103\u0163irea calit\u0103\u0163ii ofertelor educative \u015fi a competen\u0163elor cadrelor didactice \u00een<\/p>\n","protected":false},"author":1,"featured_media":82,"parent":0,"menu_order":0,"comment_status":"closed","ping_status":"open","template":"","meta":{"footnotes":""},"class_list":["post-44","page","type-page","status-publish","has-post-thumbnail","hentry"],"_links":{"self":[{"href":"https:\/\/edubusiness.uav.ro\/index.php?rest_route=\/wp\/v2\/pages\/44","targetHints":{"allow":["GET"]}}],"collection":[{"href":"https:\/\/edubusiness.uav.ro\/index.php?rest_route=\/wp\/v2\/pages"}],"about":[{"href":"https:\/\/edubusiness.uav.ro\/index.php?rest_route=\/wp\/v2\/types\/page"}],"author":[{"embeddable":true,"href":"https:\/\/edubusiness.uav.ro\/index.php?rest_route=\/wp\/v2\/users\/1"}],"replies":[{"embeddable":true,"href":"https:\/\/edubusiness.uav.ro\/index.php?rest_route=%2Fwp%2Fv2%2Fcomments&post=44"}],"version-history":[{"count":10,"href":"https:\/\/edubusiness.uav.ro\/index.php?rest_route=\/wp\/v2\/pages\/44\/revisions"}],"predecessor-version":[{"id":430,"href":"https:\/\/edubusiness.uav.ro\/index.php?rest_route=\/wp\/v2\/pages\/44\/revisions\/430"}],"wp:featuredmedia":[{"embeddable":true,"href":"https:\/\/edubusiness.uav.ro\/index.php?rest_route=\/wp\/v2\/media\/82"}],"wp:attachment":[{"href":"https:\/\/edubusiness.uav.ro\/index.php?rest_route=%2Fwp%2Fv2%2Fmedia&parent=44"}],"curies":[{"name":"wp","href":"https:\/\/api.w.org\/{rel}","templated":true}]}}