{"id":8,"date":"2015-05-14T07:53:03","date_gmt":"2015-05-14T07:53:03","guid":{"rendered":"http:\/\/createawebsite.eu\/?page_id=5"},"modified":"2019-10-15T21:49:40","modified_gmt":"2019-10-15T21:49:40","slug":"home","status":"publish","type":"page","link":"https:\/\/edubusiness.uav.ro\/","title":{"rendered":"Home"},"content":{"rendered":"\n<p align=\"justify\">\u00cen data de 19 iunie 2019 a fost semnat contractul de finan\u021bare pentru<em> proiectul \u201c\u00cenva\u0163\u0103 s\u0103 fii Antreprenor pentru\nViitor! \u00cembun\u0103t\u0103\u0163irea calit\u0103\u0163ii ofertelor educative \u015fi a competen\u0163elor cadrelor didactice \u00een domeniul antreprenoriatului \u00een vederea cre\u015fterii accesului participan\u0163ilor la \u00eenv\u0103\u0163\u0103m\u00e2nt ter\u0163iar \u00een condi\u0163ii de echitate \u015fi eficien\u0163\u0103 social\u0103 \u015fi promovarea unei culturi educa\u0163ionale antreprenoriale \u00een domeniile competitive de interes regional &#8211; EDUBUSINESS\u201d <\/em>\u2013 POCU\/379\/6\/21, proiect cofinan\u021bat din Programul Opera\u021bional Capital Uman. V<strong>aloarea total\u0103 eligibil\u0103 este de 7.903.741,82 lei<\/strong>, din care asisten\u0163a financiar\u0103 nerambursabil\u0103 \u00een sum\u0103 maxim\u0103 de&nbsp;<strong>7.703.821,49 lei<\/strong>, respectiv <strong>97,47%<\/strong>&nbsp;din\nvaloarea total\u0103 eligibil\u0103. <\/p>\n\n\n\n<p align=\"justify\"> Activit\u0103\u021bile proiectului <em>\u201c\u00cenva\u0163\u0103 s\u0103 fii Antreprenor pentru Viitor! \u00cembun\u0103t\u0103\u0163irea calit\u0103\u0163ii ofertelor educative \u015fi a competen\u0163elor cadrelor didactice \u00een domeniul antreprenoriatului \u00een vederea cre\u015fterii accesului participan\u0163ilor la \u00eenv\u0103\u0163\u0103m\u00e2nt ter\u0163iar \u00een condi\u0163ii de echitate \u015fi eficien\u0163\u0103 social\u0103 \u015fi promovarea unei culturi educa\u0163ionale antreprenoriale \u00een domeniile competitive de interes regional &#8211; EDUBUSINESS\u201d<\/em> sunt&nbsp; implementate de Universitatea Aurel Vlaicu din Arad \u00een calitate de Lider de parteneriat, \u00een parteneriat cu Expert Business Center SRL, Sindicatul Alma Mater \u015fi Asocia\u0163ia Dantes \u2013 Dezvoltare Antreprenoriat<strong>,<\/strong>&nbsp;pe o perioad\u0103 de 24 de luni. <\/p>\n\n\n\n<p><\/p>\n","protected":false},"excerpt":{"rendered":"<p>\u00cen data de 19 iunie 2019 a fost semnat contractul de finan\u021bare pentru proiectul \u201c\u00cenva\u0163\u0103 s\u0103 fii Antreprenor pentru Viitor! \u00cembun\u0103t\u0103\u0163irea calit\u0103\u0163ii ofertelor educative \u015fi a competen\u0163elor cadrelor didactice \u00een domeniul antreprenoriatului \u00een vederea cre\u015fterii accesului participan\u0163ilor la \u00eenv\u0103\u0163\u0103m\u00e2nt ter\u0163iar<\/p>\n","protected":false},"author":1,"featured_media":0,"parent":0,"menu_order":0,"comment_status":"closed","ping_status":"open","template":"page-templates\/business.php","meta":{"footnotes":""},"class_list":["post-8","page","type-page","status-publish","hentry"],"_links":{"self":[{"href":"https:\/\/edubusiness.uav.ro\/index.php?rest_route=\/wp\/v2\/pages\/8","targetHints":{"allow":["GET"]}}],"collection":[{"href":"https:\/\/edubusiness.uav.ro\/index.php?rest_route=\/wp\/v2\/pages"}],"about":[{"href":"https:\/\/edubusiness.uav.ro\/index.php?rest_route=\/wp\/v2\/types\/page"}],"author":[{"embeddable":true,"href":"https:\/\/edubusiness.uav.ro\/index.php?rest_route=\/wp\/v2\/users\/1"}],"replies":[{"embeddable":true,"href":"https:\/\/edubusiness.uav.ro\/index.php?rest_route=%2Fwp%2Fv2%2Fcomments&post=8"}],"version-history":[{"count":3,"href":"https:\/\/edubusiness.uav.ro\/index.php?rest_route=\/wp\/v2\/pages\/8\/revisions"}],"predecessor-version":[{"id":423,"href":"https:\/\/edubusiness.uav.ro\/index.php?rest_route=\/wp\/v2\/pages\/8\/revisions\/423"}],"wp:attachment":[{"href":"https:\/\/edubusiness.uav.ro\/index.php?rest_route=%2Fwp%2Fv2%2Fmedia&parent=8"}],"curies":[{"name":"wp","href":"https:\/\/api.w.org\/{rel}","templated":true}]}}